{"id":853,"date":"2023-03-07T12:20:37","date_gmt":"2023-03-07T12:20:37","guid":{"rendered":"https:\/\/tehnoweb.ro\/?page_id=853"},"modified":"2023-08-18T19:50:11","modified_gmt":"2023-08-18T19:50:11","slug":"info-test-marketing","status":"publish","type":"page","link":"https:\/\/tehnoweb.ro\/en\/info-test-marketing\/","title":{"rendered":"Info test marketing"},"content":{"rendered":"<div data-elementor-type=\"wp-page\" data-elementor-id=\"853\" class=\"elementor elementor-853\">\n\t\t\t\t\t\t<section class=\"elementor-section elementor-top-section elementor-element elementor-element-4c3b02e elementor-section-content-middle elementor-section-boxed elementor-section-height-default elementor-section-height-default\" data-id=\"4c3b02e\" data-element_type=\"section\" data-e-type=\"section\" data-settings=\"{&quot;background_background&quot;:&quot;classic&quot;}\">\n\t\t\t\t\t\t\t<div class=\"elementor-background-overlay\"><\/div>\n\t\t\t\t\t\t\t<div class=\"elementor-container elementor-column-gap-no\">\n\t\t\t\t\t<div class=\"elementor-column elementor-col-100 elementor-top-column elementor-element elementor-element-d342da2\" data-id=\"d342da2\" data-element_type=\"column\" data-e-type=\"column\">\n\t\t\t<div class=\"elementor-widget-wrap elementor-element-populated\">\n\t\t\t\t\t\t<div class=\"elementor-element elementor-element-b0f3a91 elementor-widget elementor-widget-heading\" data-id=\"b0f3a91\" data-element_type=\"widget\" data-e-type=\"widget\" data-widget_type=\"heading.default\">\n\t\t\t\t<div class=\"elementor-widget-container\">\n\t\t\t\t\t<h1 class=\"elementor-heading-title elementor-size-default\">See how well your business is positioned<\/h1>\t\t\t\t<\/div>\n\t\t\t\t<\/div>\n\t\t\t\t<div class=\"elementor-element elementor-element-4a1622d elementor-widget elementor-widget-text-editor\" data-id=\"4a1622d\" data-element_type=\"widget\" data-e-type=\"widget\" data-widget_type=\"text-editor.default\">\n\t\t\t\t<div class=\"elementor-widget-container\">\n\t\t\t\t\t\t\t\t\t<p><strong>Discover how well you're doing with your marketing strategies! <\/strong><\/p><p>Our marketing assessment form provides you with the opportunity to obtain a detailed and personalized evaluation of your business without the need for expensive consulting fees.<\/p><p>Access the form now and benefit from our expertise and unlimited knowledge of AI.<\/p>\t\t\t\t\t\t\t\t<\/div>\n\t\t\t\t<\/div>\n\t\t\t\t\t<\/div>\n\t\t<\/div>\n\t\t\t\t\t<\/div>\n\t\t<\/section>\n\t\t\t\t<section class=\"elementor-section elementor-top-section elementor-element elementor-element-e6f0ff7 elementor-section-boxed elementor-section-height-default elementor-section-height-default\" data-id=\"e6f0ff7\" data-element_type=\"section\" data-e-type=\"section\">\n\t\t\t\t\t\t<div class=\"elementor-container elementor-column-gap-default\">\n\t\t\t\t\t<div class=\"elementor-column elementor-col-100 elementor-top-column elementor-element elementor-element-4476df1\" data-id=\"4476df1\" data-element_type=\"column\" data-e-type=\"column\">\n\t\t\t<div class=\"elementor-widget-wrap elementor-element-populated\">\n\t\t\t\t\t\t<div class=\"elementor-element elementor-element-0095124 elementor-widget elementor-widget-heading\" data-id=\"0095124\" data-element_type=\"widget\" data-e-type=\"widget\" data-widget_type=\"heading.default\">\n\t\t\t\t<div class=\"elementor-widget-container\">\n\t\t\t\t\t<h3 class=\"elementor-heading-title elementor-size-default\">Ob\u021bine o evaluare detaliat\u0103 a afacerii tale prin intermediul formularului nostru de evaluare din punct de vedere al marketingului. Vezi ce \u00eenseamn\u0103 pentru afacerea ta importan\u021ba fiec\u0103rui element de marketing.<\/h3>\t\t\t\t<\/div>\n\t\t\t\t<\/div>\n\t\t\t\t<div class=\"elementor-element elementor-element-485ebbe elementor-widget elementor-widget-text-editor\" data-id=\"485ebbe\" data-element_type=\"widget\" data-e-type=\"widget\" data-widget_type=\"text-editor.default\">\n\t\t\t\t<div class=\"elementor-widget-container\">\n\t\t\t\t\t\t\t\t\t<p>This test is created with the help of AI and represents more than just a simple evaluation of your business.<\/p><p>The test combines my marketing expertise with AI knowledge, providing an excellent opportunity to identify the strengths and weaknesses of your business and develop a more robust and effective strategy for the future.<\/p><p>Practic este un curs gratuit de marketing, la final vei vedea pentru fiecare \u00eentrebare din test ce importan\u021b\u0103 are pentru afacerea ta \u0219i vei avea o descriere detaliat\u0103 a fiec\u0103rui element de marketing c\u00e2t \u0219i ponderea lui ca \u0219i importan\u021b\u0103 pentru afacerea ta.<\/p>\t\t\t\t\t\t\t\t<\/div>\n\t\t\t\t<\/div>\n\t\t\t\t<div class=\"elementor-element elementor-element-e5256e5 elementor-widget elementor-widget-heading\" data-id=\"e5256e5\" data-element_type=\"widget\" data-e-type=\"widget\" data-widget_type=\"heading.default\">\n\t\t\t\t<div class=\"elementor-widget-container\">\n\t\t\t\t\t<h3 class=\"elementor-heading-title elementor-size-default\">Attention!<\/h3>\t\t\t\t<\/div>\n\t\t\t\t<\/div>\n\t\t\t\t<div class=\"elementor-element elementor-element-25776ee elementor-widget elementor-widget-text-editor\" data-id=\"25776ee\" data-element_type=\"widget\" data-e-type=\"widget\" data-widget_type=\"text-editor.default\">\n\t\t\t\t<div class=\"elementor-widget-container\">\n\t\t\t\t\t\t\t\t\t<p><em><strong>Following the test, you will not obtain the maximum score unless, of course, your company is named Coca Cola or Apple.<\/strong><\/em><\/p>\n<p>Nu trebuie s\u0103 fii dezam\u0103git pentru c\u0103 nu e nevoie sa concurezi cu multina\u021bionalele, nu ai bugetul lor de marketing. Trebuie doar s\u0103-\u021bi g\u0103se\u0219ti o ni\u0219\u0103 pe l\u00e2ng\u0103 ele. Spre exemplu clien\u021bii t\u0103i \u021bint\u0103 nu se afl\u0103 pe toate plarformele de social media, cel mult pe dou\u0103 dintre ele.<\/p>\n<p>De aceea nu e necesar s\u0103 \u00ee\u021bi promovezi afacerea pe toate canalele.&nbsp;<\/p><p>La finalul testului vei vedea \u0219i evaluarea \u00een func\u021bie de num\u0103rul de puncte ob\u021binut.<\/p>\t\t\t\t\t\t\t\t<\/div>\n\t\t\t\t<\/div>\n\t\t\t\t<div class=\"elementor-element elementor-element-6ffa2c6 elementor-align-center elementor-widget elementor-widget-button\" data-id=\"6ffa2c6\" data-element_type=\"widget\" data-e-type=\"widget\" data-widget_type=\"button.default\">\n\t\t\t\t<div class=\"elementor-widget-container\">\n\t\t\t\t\t\t\t\t\t<div class=\"elementor-button-wrapper\">\n\t\t\t\t\t<a class=\"elementor-button elementor-button-link elementor-size-sm\" href=\"https:\/\/tehnoweb.ro\/en\/test-marketing\/\">\n\t\t\t\t\t\t<span class=\"elementor-button-content-wrapper\">\n\t\t\t\t\t\t\t\t\t<span class=\"elementor-button-text\">Start the test!<\/span>\n\t\t\t\t\t<\/span>\n\t\t\t\t\t<\/a>\n\t\t\t\t<\/div>\n\t\t\t\t\t\t\t\t<\/div>\n\t\t\t\t<\/div>\n\t\t\t\t\t<\/div>\n\t\t<\/div>\n\t\t\t\t\t<\/div>\n\t\t<\/section>\n\t\t\t\t<\/div>","protected":false},"excerpt":{"rendered":"<p>Vezi c\u00e2t de bine se situeaz\u0103 afacerea ta Descoper\u0103 c\u00e2t de bine stai \u00een ceea ce prive\u0219te strategiile de marketing! Formularul nostru de evaluare din punct de vedere al marketingului \u00ee\u021bi ofer\u0103 oportunitatea de a ob\u021bine o evaluare detaliat\u0103 \u0219i personalizat\u0103 a afacerii tale, f\u0103r\u0103 a pl\u0103ti o consultan\u021b\u0103 costisitoare. Acceseaz\u0103 formularul acum \u0219i beneficiaz\u0103 [&hellip;]<\/p>\n","protected":false},"author":1,"featured_media":0,"parent":0,"menu_order":0,"comment_status":"closed","ping_status":"closed","template":"","meta":{"inline_featured_image":false,"_monsterinsights_skip_tracking":false,"_monsterinsights_sitenote_active":false,"_monsterinsights_sitenote_note":"","_monsterinsights_sitenote_category":0,"site-sidebar-layout":"no-sidebar","site-content-layout":"page-builder","ast-site-content-layout":"default","site-content-style":"default","site-sidebar-style":"default","ast-global-header-display":"","ast-banner-title-visibility":"","ast-main-header-display":"","ast-hfb-above-header-display":"","ast-hfb-below-header-display":"","ast-hfb-mobile-header-display":"","site-post-title":"disabled","ast-breadcrumbs-content":"","ast-featured-img":"disabled","footer-sml-layout":"","ast-disable-related-posts":"","theme-transparent-header-meta":"enabled","adv-header-id-meta":"","stick-header-meta":"","header-above-stick-meta":"","header-main-stick-meta":"","header-below-stick-meta":"","astra-migrate-meta-layouts":"default","ast-page-background-enabled":"default","ast-page-background-meta":{"desktop":{"background-color":"","background-image":"","background-repeat":"repeat","background-position":"center center","background-size":"auto","background-attachment":"scroll","background-type":"","background-media":"","overlay-type":"","overlay-color":"","overlay-opacity":"","overlay-gradient":""},"tablet":{"background-color":"","background-image":"","background-repeat":"repeat","background-position":"center center","background-size":"auto","background-attachment":"scroll","background-type":"","background-media":"","overlay-type":"","overlay-color":"","overlay-opacity":"","overlay-gradient":""},"mobile":{"background-color":"","background-image":"","background-repeat":"repeat","background-position":"center center","background-size":"auto","background-attachment":"scroll","background-type":"","background-media":"","overlay-type":"","overlay-color":"","overlay-opacity":"","overlay-gradient":""}},"ast-content-background-meta":{"desktop":{"background-color":"var(--ast-global-color-5)","background-image":"","background-repeat":"repeat","background-position":"center center","background-size":"auto","background-attachment":"scroll","background-type":"","background-media":"","overlay-type":"","overlay-color":"","overlay-opacity":"","overlay-gradient":""},"tablet":{"background-color":"var(--ast-global-color-5)","background-image":"","background-repeat":"repeat","background-position":"center center","background-size":"auto","background-attachment":"scroll","background-type":"","background-media":"","overlay-type":"","overlay-color":"","overlay-opacity":"","overlay-gradient":""},"mobile":{"background-color":"var(--ast-global-color-5)","background-image":"","background-repeat":"repeat","background-position":"center center","background-size":"auto","background-attachment":"scroll","background-type":"","background-media":"","overlay-type":"","overlay-color":"","overlay-opacity":"","overlay-gradient":""}},"footnotes":""},"class_list":["post-853","page","type-page","status-publish","hentry"],"aioseo_notices":[],"jetpack_likes_enabled":true,"jetpack_shortlink":"https:\/\/wp.me\/PdwL4v-dL","jetpack_sharing_enabled":true,"_links":{"self":[{"href":"https:\/\/tehnoweb.ro\/en\/wp-json\/wp\/v2\/pages\/853","targetHints":{"allow":["GET"]}}],"collection":[{"href":"https:\/\/tehnoweb.ro\/en\/wp-json\/wp\/v2\/pages"}],"about":[{"href":"https:\/\/tehnoweb.ro\/en\/wp-json\/wp\/v2\/types\/page"}],"author":[{"embeddable":true,"href":"https:\/\/tehnoweb.ro\/en\/wp-json\/wp\/v2\/users\/1"}],"replies":[{"embeddable":true,"href":"https:\/\/tehnoweb.ro\/en\/wp-json\/wp\/v2\/comments?post=853"}],"version-history":[{"count":31,"href":"https:\/\/tehnoweb.ro\/en\/wp-json\/wp\/v2\/pages\/853\/revisions"}],"predecessor-version":[{"id":2351,"href":"https:\/\/tehnoweb.ro\/en\/wp-json\/wp\/v2\/pages\/853\/revisions\/2351"}],"wp:attachment":[{"href":"https:\/\/tehnoweb.ro\/en\/wp-json\/wp\/v2\/media?parent=853"}],"curies":[{"name":"wp","href":"https:\/\/api.w.org\/{rel}","templated":true}]}}